{"id":6549,"date":"2018-06-06T15:20:16","date_gmt":"2018-06-06T13:20:16","guid":{"rendered":"https:\/\/www.abrasivi.it\/?page_id=6549"},"modified":"2018-06-06T15:21:07","modified_gmt":"2018-06-06T13:21:07","slug":"cokkie-policy","status":"publish","type":"page","link":"https:\/\/www.abrasivi.it\/en\/cokkie-policy\/","title":{"rendered":"cokkie p"},"content":{"rendered":"<p><strong>COSA SONO I COOKIES?<\/strong><br \/>\nI cookies sono piccoli file di testo salvati all\u2019interno dei nostri computer dai siti web o applicazioni che visitiamo. Sono utilizzati per consentire il funzionamento dei siti web e delle applicazioni, o per farle lavorare pi\u00f9 efficientemente, come anche per fornire informazioni al proprietario del sito web \/ applicazione.<\/p>\n<p><strong>COME E PERCH\u00c8 SI UTILIZZANO I COOKIES?<\/strong><br \/>\nI cookies servono a migliorare l\u2019utilizzo e la funzionalit\u00e0 dei nostri siti web e\/o applicazioni e avere una migliore comprensione di come i visitatori usano i siti web\/applicazioni e gli strumenti\/servizi offerti dai siti stessi. I cookies ci aiutano a personalizzare i siti web e le applicazioni sulle nostre esigenze personali, per migliorare l\u2019esperienza di utilizzo, ottenere un feedback sulla soddisfazione del cliente (tramite partner selezionati) oltre che per comunicare ovunque nel web. Noi non utilizziamo i cookies per raccogliere informazioni personali (ad esempio, il tuo nome); ad ogni modo, potremmo collegare informazioni contenute in un cookie a informazioni personali raccolte da te attraverso altri mezzi (es: registrazione a siti web\/applicazioni).<\/p>\n<p><strong>CHE TIPI DI COOKIES VENGONO UTILIZZATI?<\/strong><br \/>\nQui sotto trovate una breve descrizione dei vari cookies utilizzati all\u2019interno del nostro sito web.<\/p>\n<p><strong>COOKIES NECESSARI<\/strong><br \/>\nSi tratta di cookies strettamente necessari per l\u2019attivit\u00e0 di un sito web\/applicazione. Senza questi cookies, il sito web\/applicazione non funzioner\u00e0 correttamente. Pertanto, non Vi chiediamo un consenso specifico per questa tipologia di cookie.<\/p>\n<p><strong>FUNCTIONAL COOKIES<\/strong><br \/>\nSi tratta di cookies che vengono utilizzati per la funzionalit\u00e0 di un sito web\/applicazione. Quali, ad esempio, cookies che ricordano il contenuto che hai recentemente visionato sul sito web\/applicazione o l\u2019indirizzo email o la password che hai fornito quando Ti sei registrato durante una precedente visita. I cookies possono anche conservare in memoria oggetti che hai precedentemente inserito nella shopping card mentre visitavi uno store online. Usare i cookies funzionali, quindi, ci permette di fornirTi un contenuto personalizzato e legato e ai Tuoi interessi oltre che farTi risparmiare tempo senza necessit\u00e0 di registrarsi nuovamente o reinserire le informazioni quando visiti pi\u00f9 volte un sito web\/applicazione o cerchi di accedere a una sezione riservata dello stesso.<\/p>\n<p><strong>FIRST PARTY COOKIES<\/strong><br \/>\nQuesti sono i cookies scaricati da un sito web\/applicazione specifica e possono essere letti solo da questo sito.<\/p>\n<p><strong>THIRD PARTY COOKIES<\/strong><br \/>\nQuesti sono cookies scaricati da una terza parte, che usiamo per differenti tipologie di servizi (ad esempio analisi statistiche o pubblicit\u00e0).<br \/>\n<strong>. Disattivazione\/eliminazione dei cookie<\/strong><\/p>\n<p>I cookie di cui all\u2019Art. 3 che precede, salvo quanto previsto per i cookie analytics di terze parti di cui al seguente Art. 5, possono essere disattivati e\/o eliminati attraverso le impostazioni del browser. Tutti i browser moderni consentono di modificare le impostazioni dei cookies. Le impostazioni di disattivazione\/eliminazione dei cookie di norma si trovano nelle \u201copzioni\u201d o nel menu \u201cpreferenze\u201d del browser utilizzato dall\u2019Utente.<\/p>\n<p>Per maggiori informazioni \u00e8 possibile selezionare l\u2019opzione \u201cHelp\u201d del browser o utilizzare i link di seguito indicato. In particolare, la navigazione sul Sito comporta che riceverai cookie inviati direttamente dal Sito e gestiti da Grandinetti, fermo quanto previsto al seguente Art. 5:<\/p>\n<ol>\n<li><a href=\"http:\/\/windows.microsoft.com\/it-it\/windows-vista\/block-or-allow-cookies\">Internet Explorer<\/a><\/li>\n<li><a href=\"https:\/\/support.microsoft.com\/it-it\/help\/4027947\/windows-delete-cookies\">Microdoft Edge<\/a><\/li>\n<li><a href=\"https:\/\/support.google.com\/chrome\/answer\/95647?hl=it-IT\">Google Crhome<\/a><\/li>\n<li><a href=\"https:\/\/support.mozilla.org\/it\/kb\/Gestione%20dei%20cookie\">Mozilla Firefox<\/a><\/li>\n<li><a href=\"http:\/\/support.apple.com\/kb\/PH17191?viewlocale=it_IT\">Safari<\/a><\/li>\n<\/ol>\n<p>Qualora l\u2019utente non fosse d\u2019accordo sull\u2019uso di tali cookie potr\u00e0 disabilitare l\u2019uso degli stessi dal suo browser. Tale disabilitazione comporter\u00e0 tuttavia difficolt\u00e0 nella navigazione del Sito. In particolare, la disabilitazione totale o parziale dei cookie tecnici di prima parte pu\u00f2 compromettere l\u2019utilizzo delle funzionalit\u00e0 del Sito riservate agli utenti registrati. Al contrario, la fruibilit\u00e0 dei contenuti pubblici \u00e8 possibile anche disabilitando completamente i cookie. La disabilitazione dei cookie di terza parte, invece, non pregiudica in alcun modo la navigabilit\u00e0. Di seguito, per ciascun cookie tecnico utilizzato riportiamo nome, scopo di utilizzo e tempi di conservazione.<\/p>\n<ul>\n<li><strong>Descrizione Cookie Grandinetti<\/strong><\/li>\n<\/ul>\n<div>\n<div class=\"CookieDeclaration\" dir=\"ltr\" lang=\"it\">\n<p class=\"CookieDeclarationDialogText\">Questo sito web utilizza i cookie. Utilizziamo i cookie per fornire le funzioni dei social media e analizzare il nostro traffico. Inoltre forniamo informazioni sul modo in cui utilizzi il nostro sito ai nostri partner che si occupano di analisi dei dati web, pubblicit\u00e0 e social media, i quali potrebbero combinarle con altre informazioni che hai fornito loro o che hanno raccolto in base al tuo utilizzo dei loro servizi.<\/p>\n<p class=\"CookieDeclarationIntro\">I cookie sono piccoli file di testo che possono essere utilizzati dai siti web per rendere pi\u00f9 efficiente l\u2019esperienza per l\u2019utente.<\/p>\n<p>La legge afferma che possiamo memorizzare i cookie sul tuo dispositivo se sono strettamente necessari per il funzionamento di questo sito. Per tutti gli altri tipi di cookie ci serve il tuo permesso.<\/p>\n<p>Questo sito utilizza diversi tipi di cookie. Alcuni cookie sono posti da servizi di terzi che compaiono sulle nostre pagine.<\/p>\n<p>Il suo consenso si applica ai seguenti siti web: abrasivi.it<\/p>\n<p class=\"CookieDeclarationLastUpdated\">Dichiarazione Cookie aggiornata l\u2019ultima volta il 24\/05\/2018 da\u00a0<a title=\"Cookiebot - The EU Cookie Law Solution\" href=\"https:\/\/www.cookiebot.com\/\" target=\"_blank\" rel=\"noopener\">Cookiebot<\/a>:<\/p>\n<div class=\"CookieDeclarationType\" dir=\"ltr\" lang=\"it\">\n<p class=\"CookieDeclarationTypeHeader\">Necessario (1)<\/p>\n<p class=\"CookieDeclarationTypeDescription\">I cookie necessari aiutano a contribuire a rendere fruibile un sito web abilitando le funzioni di base come la navigazione della pagina e l\u2019accesso alle aree protette del sito. Il sito web non pu\u00f2 funzionare correttamente senza questi cookie.<\/p>\n<table class=\"CookieDeclarationTable\">\n<colgroup>\n<col \/>\n<col \/>\n<col \/>\n<col \/>\n<col \/><\/colgroup>\n<thead>\n<tr>\n<th class=\"CookieDeclarationTableHeader\" dir=\"ltr\" scope=\"col\">Nome<\/th>\n<th class=\"CookieDeclarationTableHeader\" dir=\"ltr\" scope=\"col\">Fornitore<\/th>\n<th class=\"CookieDeclarationTableHeader\" dir=\"ltr\" scope=\"col\">Scopo<\/th>\n<th class=\"CookieDeclarationTableHeader\" dir=\"ltr\" scope=\"col\">Scadenza<\/th>\n<th class=\"CookieDeclarationTableHeader\" dir=\"ltr\" scope=\"col\">Tipo<\/th>\n<\/tr>\n<\/thead>\n<tbody>\n<tr>\n<td class=\"CookieDeclarationTableCell\" title=\"CookieConsent\">CookieConsent<\/td>\n<td class=\"CookieDeclarationTableCell\" title=\"privacylegale.it\">abrasivi.it<\/td>\n<td class=\"CookieDeclarationTableCell\" title=\"Memorizza lo stato del consenso ai cookie dell'utente per il dominio corrente\">Memorizza lo stato del consenso ai cookie dell\u2019utente per il dominio corrente<\/td>\n<td class=\"CookieDeclarationTableCell\" title=\"1 anno\">1 anno<\/td>\n<td class=\"CookieDeclarationTableCell\" title=\"HTTP Cookie\">HTTP Cookie<\/td>\n<\/tr>\n<\/tbody>\n<\/table>\n<\/div>\n<\/div>\n<\/div>\n<ul>\n<li><strong>\u00a0Finalit\u00e0<\/strong><\/li>\n<\/ul>\n<p>I cookie tecnici sopra elencati sono sostanzialmente utilizzati per la compiuta gestione del Sito e per permettere il funzionamento e l\u2019esplorazione sicura ed efficiente dello stesso,<\/p>\n<ul>\n<li><strong>\u00a0Modalit\u00e0 del trattamento<\/strong><\/li>\n<\/ul>\n<p>Grandinetti usa i cookie nel pieno rispetto della normativa vigente, che sancisce la liceit\u00e0 di tali tecnologie per determinati scopi legittimi, relativi alla memorizzazione tecnica per il tempo strettamente necessario alla trasmissione della comunicazione o a fornire uno specifico servizio richiesto dall\u2019utente, che pu\u00f2 sempre opporsi al trattamento dei suoi dati connesso alla memorizzazione dei cookie, disabilitandone uno o pi\u00f9.<br \/>\nIl trattamento dei dati avviene con l\u2019impiego di supporti informatici e telematici ad opera di soggetti previamente autorizzati. I dati sono conservati in archivi elettronici in osservanza di misure di sicurezza idonee a prevenire la perdita dei dati, eventuali usi illeciti o non corretti e accessi non autorizzati.<\/p>\n<p>Questo Sito usa anche cookie tecnici che consentono a migliorare la loro esperienza di navigazione.<br \/>\nNessun dato rilevante viene scambiato tramite cookie. Essi consentono infatti solo di automatizzare alcune operazioni essenziali per il corretto funzionamento del Sito o per consentire all\u2019utente di evitare di incorrere in procedure complesse.<br \/>\nI dati eventualmente raccolti o conservati dai cookie non vengono trasmessi a terzi, salvo quando ci\u00f2 sia necessario per il corretto funzionamento dei servizi forniti dal Sito e ad esso erogati dai soggetti terzi medesimi, come nel caso di Jetpack.<\/p>\n<ul>\n<li><strong>\u00a0Navigazione anonima<\/strong><\/li>\n<\/ul>\n<p>Qualora non dovesse acconsentire all\u2019uso dei cookie sopra elencati, invitiamo l\u2019utente a ricorrere allo strumento della navigazione anonima, che quasi tutti i browser prevedono. In questo modo alla chiusura della finestra di navigazione anonima, tutti i cookie raccolti saranno automaticamente cancellati.<\/p>\n<ul>\n<li><strong>\u00a0Modifiche alla cookie policy<\/strong><\/li>\n<\/ul>\n<p>Grandinetti si riserva la facolt\u00e0 di modificare o semplicemente aggiornare, in tutto o in parte, la presente Cookie Policy, anche in seguito a eventuali modifiche delle norme che disciplinano questa materia e proteggono i diritti dell\u2019utente. Le modifiche e gli aggiornamenti della Cookie Policy saranno prontamente comunicati da Grandinetti attraverso la relativa pubblicazione. Per questo motivo, gli utenti sono invitati ad accedere con regolarit\u00e0 a questa sezione per verificarne i contenuti.<\/p>\n<ul>\n<li><strong>\u00a0Contatti<\/strong><\/li>\n<\/ul>\n<p>Si prega di inviare una email a info.grandinetti@abrasivi.it nel caso di domande relative qualsiasi necessit\u00e0 di chiarimento o informazione sui contenuti di questa pagina.<\/p>\n","protected":false},"excerpt":{"rendered":"<p>COSA SONO I COOKIES? I cookies sono piccoli file di testo salvati all\u2019interno dei nostri computer dai siti web o applicazioni che visitiamo. Sono utilizzati per consentire il funzionamento dei siti web e delle applicazioni, o per farle lavorare pi\u00f9 efficientemente, come anche per fornire&#8230;<\/p>\n","protected":false},"author":1,"featured_media":0,"parent":0,"menu_order":0,"comment_status":"closed","ping_status":"closed","template":"","meta":[],"yoast_head":"<!-- This site is optimized with the Yoast SEO plugin v18.0 - https:\/\/yoast.com\/wordpress\/plugins\/seo\/ -->\n<title>cokkie p - Abrasivi<\/title>\n<meta name=\"robots\" content=\"index, follow, max-snippet:-1, max-image-preview:large, max-video-preview:-1\" \/>\n<link rel=\"canonical\" href=\"https:\/\/www.abrasivi.it\/cokkie-policy\/\" \/>\n<meta property=\"og:locale\" content=\"en_US\" \/>\n<meta property=\"og:type\" content=\"article\" \/>\n<meta property=\"og:title\" content=\"[:it]cookie policy[:en]cokkie p[:] - Abrasivi\" \/>\n<meta property=\"og:description\" content=\"COSA SONO I COOKIES? I cookies sono piccoli file di testo salvati all\u2019interno dei nostri computer dai siti web o applicazioni che visitiamo. Sono utilizzati per consentire il funzionamento dei siti web e delle applicazioni, o per farle lavorare pi\u00f9 efficientemente, come anche per fornire...\" \/>\n<meta property=\"og:url\" content=\"https:\/\/www.abrasivi.it\/cokkie-policy\/\" \/>\n<meta property=\"og:site_name\" content=\"Abrasivi\" \/>\n<meta property=\"article:modified_time\" content=\"2018-06-06T13:21:07+00:00\" \/>\n<meta name=\"twitter:card\" content=\"summary\" \/>\n<meta name=\"twitter:label1\" content=\"Est. reading time\" \/>\n\t<meta name=\"twitter:data1\" content=\"6 minutes\" \/>\n<script type=\"application\/ld+json\" class=\"yoast-schema-graph\">{\"@context\":\"https:\/\/schema.org\",\"@graph\":[{\"@type\":\"WebSite\",\"@id\":\"https:\/\/www.abrasivi.it\/en\/#website\",\"url\":\"https:\/\/www.abrasivi.it\/en\/\",\"name\":\"Abrasivi\",\"description\":\"Dischi e mole abrasive\",\"potentialAction\":[{\"@type\":\"SearchAction\",\"target\":{\"@type\":\"EntryPoint\",\"urlTemplate\":\"https:\/\/www.abrasivi.it\/en\/?s={search_term_string}\"},\"query-input\":\"required name=search_term_string\"}],\"inLanguage\":\"en-US\"},{\"@type\":\"WebPage\",\"@id\":\"https:\/\/www.abrasivi.it\/cokkie-policy\/#webpage\",\"url\":\"https:\/\/www.abrasivi.it\/cokkie-policy\/\",\"name\":\"[:it]cookie policy[:en]cokkie p[:] - Abrasivi\",\"isPartOf\":{\"@id\":\"https:\/\/www.abrasivi.it\/en\/#website\"},\"datePublished\":\"2018-06-06T13:20:16+00:00\",\"dateModified\":\"2018-06-06T13:21:07+00:00\",\"breadcrumb\":{\"@id\":\"https:\/\/www.abrasivi.it\/cokkie-policy\/#breadcrumb\"},\"inLanguage\":\"en-US\",\"potentialAction\":[{\"@type\":\"ReadAction\",\"target\":[\"https:\/\/www.abrasivi.it\/cokkie-policy\/\"]}]},{\"@type\":\"BreadcrumbList\",\"@id\":\"https:\/\/www.abrasivi.it\/cokkie-policy\/#breadcrumb\",\"itemListElement\":[{\"@type\":\"ListItem\",\"position\":1,\"name\":\"Home\",\"item\":\"https:\/\/www.abrasivi.it\/en\/\"},{\"@type\":\"ListItem\",\"position\":2,\"name\":\"cookie policy\"}]}]}<\/script>\n<!-- \/ Yoast SEO plugin. -->","yoast_head_json":{"title":"[:it]cookie policy[:en]cokkie p[:] - Abrasivi","robots":{"index":"index","follow":"follow","max-snippet":"max-snippet:-1","max-image-preview":"max-image-preview:large","max-video-preview":"max-video-preview:-1"},"canonical":"https:\/\/www.abrasivi.it\/cokkie-policy\/","og_locale":"en_US","og_type":"article","og_title":"[:it]cookie policy[:en]cokkie p[:] - Abrasivi","og_description":"COSA SONO I COOKIES? I cookies sono piccoli file di testo salvati all\u2019interno dei nostri computer dai siti web o applicazioni che visitiamo. Sono utilizzati per consentire il funzionamento dei siti web e delle applicazioni, o per farle lavorare pi\u00f9 efficientemente, come anche per fornire...","og_url":"https:\/\/www.abrasivi.it\/cokkie-policy\/","og_site_name":"Abrasivi","article_modified_time":"2018-06-06T13:21:07+00:00","twitter_card":"summary","twitter_misc":{"Est. reading time":"6 minutes"},"schema":{"@context":"https:\/\/schema.org","@graph":[{"@type":"WebSite","@id":"https:\/\/www.abrasivi.it\/en\/#website","url":"https:\/\/www.abrasivi.it\/en\/","name":"Abrasivi","description":"Dischi e mole abrasive","potentialAction":[{"@type":"SearchAction","target":{"@type":"EntryPoint","urlTemplate":"https:\/\/www.abrasivi.it\/en\/?s={search_term_string}"},"query-input":"required name=search_term_string"}],"inLanguage":"en-US"},{"@type":"WebPage","@id":"https:\/\/www.abrasivi.it\/cokkie-policy\/#webpage","url":"https:\/\/www.abrasivi.it\/cokkie-policy\/","name":"[:it]cookie policy[:en]cokkie p[:] - Abrasivi","isPartOf":{"@id":"https:\/\/www.abrasivi.it\/en\/#website"},"datePublished":"2018-06-06T13:20:16+00:00","dateModified":"2018-06-06T13:21:07+00:00","breadcrumb":{"@id":"https:\/\/www.abrasivi.it\/cokkie-policy\/#breadcrumb"},"inLanguage":"en-US","potentialAction":[{"@type":"ReadAction","target":["https:\/\/www.abrasivi.it\/cokkie-policy\/"]}]},{"@type":"BreadcrumbList","@id":"https:\/\/www.abrasivi.it\/cokkie-policy\/#breadcrumb","itemListElement":[{"@type":"ListItem","position":1,"name":"Home","item":"https:\/\/www.abrasivi.it\/en\/"},{"@type":"ListItem","position":2,"name":"cookie policy"}]}]}},"_links":{"self":[{"href":"https:\/\/www.abrasivi.it\/en\/wp-json\/wp\/v2\/pages\/6549"}],"collection":[{"href":"https:\/\/www.abrasivi.it\/en\/wp-json\/wp\/v2\/pages"}],"about":[{"href":"https:\/\/www.abrasivi.it\/en\/wp-json\/wp\/v2\/types\/page"}],"author":[{"embeddable":true,"href":"https:\/\/www.abrasivi.it\/en\/wp-json\/wp\/v2\/users\/1"}],"replies":[{"embeddable":true,"href":"https:\/\/www.abrasivi.it\/en\/wp-json\/wp\/v2\/comments?post=6549"}],"version-history":[{"count":3,"href":"https:\/\/www.abrasivi.it\/en\/wp-json\/wp\/v2\/pages\/6549\/revisions"}],"predecessor-version":[{"id":6552,"href":"https:\/\/www.abrasivi.it\/en\/wp-json\/wp\/v2\/pages\/6549\/revisions\/6552"}],"wp:attachment":[{"href":"https:\/\/www.abrasivi.it\/en\/wp-json\/wp\/v2\/media?parent=6549"}],"curies":[{"name":"wp","href":"https:\/\/api.w.org\/{rel}","templated":true}]}}